{"id":1696,"date":"2024-02-14T12:41:11","date_gmt":"2024-02-14T12:41:11","guid":{"rendered":"https:\/\/casinooyunlarisiteleri.com\/?page_id=1696"},"modified":"2025-10-02T07:23:57","modified_gmt":"2025-10-02T07:23:57","slug":"online-bahis-sistemleri","status":"publish","type":"page","link":"https:\/\/casinooyunlarisiteleri.com\/en\/online-bahis-sistemleri\/","title":{"rendered":"Online Bahis Sistemleri"},"content":{"rendered":"<div id=\"ez-toc-container\" class=\"ez-toc-v2_0_82_2 counter-hierarchy ez-toc-counter ez-toc-grey ez-toc-container-direction\">\n<div class=\"ez-toc-title-container\">\n<p class=\"ez-toc-title\" style=\"cursor:inherit\">Table of Contents<\/p>\n<span class=\"ez-toc-title-toggle\"><a href=\"#\" class=\"ez-toc-pull-right ez-toc-btn ez-toc-btn-xs ez-toc-btn-default ez-toc-toggle\" aria-label=\"Toggle Table of Content\"><span class=\"ez-toc-js-icon-con\"><span class=\"\"><span class=\"eztoc-hide\" style=\"display:none;\">Toggle<\/span><span class=\"ez-toc-icon-toggle-span\"><svg style=\"fill: #999;color:#999\" xmlns=\"http:\/\/www.w3.org\/2000\/svg\" class=\"list-377408\" width=\"20px\" height=\"20px\" viewbox=\"0 0 24 24\" fill=\"none\"><path d=\"M6 6H4v2h2V6zm14 0H8v2h12V6zM4 11h2v2H4v-2zm16 0H8v2h12v-2zM4 16h2v2H4v-2zm16 0H8v2h12v-2z\" fill=\"currentColor\"><\/path><\/svg><svg style=\"fill: #999;color:#999\" class=\"arrow-unsorted-368013\" xmlns=\"http:\/\/www.w3.org\/2000\/svg\" width=\"10px\" height=\"10px\" viewbox=\"0 0 24 24\" version=\"1.2\" baseprofile=\"tiny\"><path d=\"M18.2 9.3l-6.2-6.3-6.2 6.3c-.2.2-.3.4-.3.7s.1.5.3.7c.2.2.4.3.7.3h11c.3 0 .5-.1.7-.3.2-.2.3-.5.3-.7s-.1-.5-.3-.7zM5.8 14.7l6.2 6.3 6.2-6.3c.2-.2.3-.5.3-.7s-.1-.5-.3-.7c-.2-.2-.4-.3-.7-.3h-11c-.3 0-.5.1-.7.3-.2.2-.3.5-.3.7s.1.5.3.7z\"\/><\/svg><\/span><\/span><\/span><\/a><\/span><\/div>\n<nav><ul class='ez-toc-list ez-toc-list-level-1' ><li class='ez-toc-page-1 ez-toc-heading-level-2'><a class=\"ez-toc-link ez-toc-heading-1\" href=\"https:\/\/casinooyunlarisiteleri.com\/en\/online-bahis-sistemleri\/#Online_Bahis_Sistemleri\" >Online Bahis Sistemleri<\/a><ul class='ez-toc-list-level-3' ><li class='ez-toc-heading-level-3'><a class=\"ez-toc-link ez-toc-heading-2\" href=\"https:\/\/casinooyunlarisiteleri.com\/en\/online-bahis-sistemleri\/#ONLINE_BAHIS_SLOT_CASINO_SISTEMLERI_ICIN_DAIMA_YANINIZDAYIZ\" >ONL\u0130NE BAH\u0130S SLOT CAS\u0130NO  S\u0130STEMLER\u0130 \u0130\u00c7\u0130N DA\u0130MA YANINIZDAYIZ.<\/a><\/li><\/ul><\/li><li class='ez-toc-page-1 ez-toc-heading-level-2'><a class=\"ez-toc-link ez-toc-heading-3\" href=\"https:\/\/casinooyunlarisiteleri.com\/en\/online-bahis-sistemleri\/#Sitelerinize_Bizim_Reklamlarimiz_Ile_Bahis_Dunyasina_Adim_Attirin\" >Sitelerinize Bizim Reklamlar\u0131m\u0131z, \u0130le Bahis D\u00fcnyas\u0131na Ad\u0131m Att\u0131r\u0131n!<\/a><\/li><\/ul><\/nav><\/div>\n<h2><span class=\"ez-toc-section\" id=\"Online_Bahis_Sistemleri\"><\/span>\n               Online Bahis Sistemleri<br \/>\n            <span class=\"ez-toc-section-end\"><\/span><\/h2>\n<p>                              Hemen Ba\u015fvur An\u0131nda 7\/24 Destek<br \/>\n               \t\t  <a href=\"https:\/\/api.whatsapp.com\/send\/?phone=%2B40730026037&amp;text&amp;type=phone_number&amp;app_absent=0\" target=\"_blank\" rel=\"noopener\"><br \/>\n\t\t\t hemen bize ula\u015f\u0131n<br \/>\n\t\t  <\/a><\/p>\n<h3><span class=\"ez-toc-section\" id=\"ONLINE_BAHIS_SLOT_CASINO_SISTEMLERI_ICIN_DAIMA_YANINIZDAYIZ\"><\/span>ONL\u0130NE BAH\u0130S SLOT CAS\u0130NO  S\u0130STEMLER\u0130 \u0130\u00c7\u0130N DA\u0130MA YANINIZDAYIZ.<span class=\"ez-toc-section-end\"><\/span><\/h3>\n<figure>\n\t\t\t\t\t\t\t\t\t\t\t<a href=\"https:\/\/t2m.io\/btjn\" target=\"_blank\" rel=\"noopener\"><br \/>\n\t\t\t\t\t\t\t<img loading=\"lazy\" decoding=\"async\" width=\"900\" height=\"346\" src=\"https:\/\/casinooyunlarisiteleri.com\/wp-content\/uploads\/2024\/11\/betjanti1-1024x394.jpg\" alt=\"betjanti.com\" srcset=\"https:\/\/casinooyunlarisiteleri.com\/wp-content\/uploads\/2024\/11\/betjanti1-1024x394.jpg 1024w, https:\/\/casinooyunlarisiteleri.com\/wp-content\/uploads\/2024\/11\/betjanti1-768x295.jpg 768w, https:\/\/casinooyunlarisiteleri.com\/wp-content\/uploads\/2024\/11\/betjanti1-18x7.jpg 18w, https:\/\/casinooyunlarisiteleri.com\/wp-content\/uploads\/2024\/11\/betjanti1-600x231.jpg 600w, https:\/\/casinooyunlarisiteleri.com\/wp-content\/uploads\/2024\/11\/betjanti1.jpg 1300w\" sizes=\"auto, (max-width: 900px) 100vw, 900px\" \/>\t\t\t\t\t\t\t\t<\/a><figcaption>BETJANT\u0130.COM<\/figcaption><\/figure>\n<figure>\n\t\t\t\t\t\t\t\t\t\t\t<a href=\"https:\/\/cutt.ly\/MrlULZSK\" target=\"_blank\" rel=\"noopener\"><br \/>\n\t\t\t\t\t\t\t<img loading=\"lazy\" decoding=\"async\" width=\"900\" height=\"346\" src=\"https:\/\/casinooyunlarisiteleri.com\/wp-content\/uploads\/2024\/11\/romabet1-1024x394.jpg\" alt=\"romabet.com\" srcset=\"https:\/\/casinooyunlarisiteleri.com\/wp-content\/uploads\/2024\/11\/romabet1-1024x394.jpg 1024w, https:\/\/casinooyunlarisiteleri.com\/wp-content\/uploads\/2024\/11\/romabet1-768x295.jpg 768w, https:\/\/casinooyunlarisiteleri.com\/wp-content\/uploads\/2024\/11\/romabet1-18x7.jpg 18w, https:\/\/casinooyunlarisiteleri.com\/wp-content\/uploads\/2024\/11\/romabet1-600x231.jpg 600w, https:\/\/casinooyunlarisiteleri.com\/wp-content\/uploads\/2024\/11\/romabet1.jpg 1300w\" sizes=\"auto, (max-width: 900px) 100vw, 900px\" \/>\t\t\t\t\t\t\t\t<\/a><figcaption>ROMABET.COM<\/figcaption><\/figure>\n<figure>\n\t\t\t\t\t\t\t\t\t\t\t<a href=\"https:\/\/t2m.io\/hkrkl\" target=\"_blank\" rel=\"noopener\"><br \/>\n\t\t\t\t\t\t\t<img loading=\"lazy\" decoding=\"async\" width=\"900\" height=\"346\" src=\"https:\/\/casinooyunlarisiteleri.com\/wp-content\/uploads\/2025\/03\/hukabet-1024x394.jpg\" alt=\"Hukabet.com\" srcset=\"https:\/\/casinooyunlarisiteleri.com\/wp-content\/uploads\/2025\/03\/hukabet-1024x394.jpg 1024w, https:\/\/casinooyunlarisiteleri.com\/wp-content\/uploads\/2025\/03\/hukabet-768x295.jpg 768w, https:\/\/casinooyunlarisiteleri.com\/wp-content\/uploads\/2025\/03\/hukabet-18x7.jpg 18w, https:\/\/casinooyunlarisiteleri.com\/wp-content\/uploads\/2025\/03\/hukabet-600x231.jpg 600w, https:\/\/casinooyunlarisiteleri.com\/wp-content\/uploads\/2025\/03\/hukabet.jpg 1300w\" sizes=\"auto, (max-width: 900px) 100vw, 900px\" \/>\t\t\t\t\t\t\t\t<\/a><figcaption>HUKABET.COM<\/figcaption><\/figure>\n<figure>\n\t\t\t\t\t\t\t\t\t\t\t<a href=\"https:\/\/cutt.ly\/qeHx0GD1\" target=\"_blank\" rel=\"noopener\"><br \/>\n\t\t\t\t\t\t\t<img loading=\"lazy\" decoding=\"async\" width=\"900\" height=\"346\" src=\"https:\/\/casinooyunlarisiteleri.com\/wp-content\/uploads\/2024\/11\/online3-1024x394.jpg\" alt=\"bankobet.com\" srcset=\"https:\/\/casinooyunlarisiteleri.com\/wp-content\/uploads\/2024\/11\/online3-1024x394.jpg 1024w, https:\/\/casinooyunlarisiteleri.com\/wp-content\/uploads\/2024\/11\/online3-768x295.jpg 768w, https:\/\/casinooyunlarisiteleri.com\/wp-content\/uploads\/2024\/11\/online3-18x7.jpg 18w, https:\/\/casinooyunlarisiteleri.com\/wp-content\/uploads\/2024\/11\/online3-600x231.jpg 600w, https:\/\/casinooyunlarisiteleri.com\/wp-content\/uploads\/2024\/11\/online3.jpg 1300w\" sizes=\"auto, (max-width: 900px) 100vw, 900px\" \/>\t\t\t\t\t\t\t\t<\/a><figcaption>BANKOBET.COM<\/figcaption><\/figure>\n<figure>\n\t\t\t\t\t\t\t\t\t\t\t<a href=\"https:\/\/t2m.io\/hkrkl\" target=\"_blank\" rel=\"noopener\"><br \/>\n\t\t\t\t\t\t\t<img loading=\"lazy\" decoding=\"async\" width=\"500\" height=\"250\" src=\"https:\/\/casinooyunlarisiteleri.com\/wp-content\/uploads\/2024\/11\/hukabet.png\" alt=\"hukabet.com\" srcset=\"https:\/\/casinooyunlarisiteleri.com\/wp-content\/uploads\/2024\/11\/hukabet.png 500w, https:\/\/casinooyunlarisiteleri.com\/wp-content\/uploads\/2024\/11\/hukabet-18x9.png 18w\" sizes=\"auto, (max-width: 500px) 100vw, 500px\" \/>\t\t\t\t\t\t\t\t<\/a><figcaption>HUKABET.COM<\/figcaption><\/figure>\n<figure>\n\t\t\t\t\t\t\t\t\t\t\t<a href=\"https:\/\/nisanaff.xyz\/vwoj1i\" target=\"_blank\" rel=\"noopener\"><br \/>\n\t\t\t\t\t\t\t<img loading=\"lazy\" decoding=\"async\" width=\"500\" height=\"250\" src=\"https:\/\/casinooyunlarisiteleri.com\/wp-content\/uploads\/2024\/11\/nisanbet.png\" alt=\"nisanbet.com\" srcset=\"https:\/\/casinooyunlarisiteleri.com\/wp-content\/uploads\/2024\/11\/nisanbet.png 500w, https:\/\/casinooyunlarisiteleri.com\/wp-content\/uploads\/2024\/11\/nisanbet-18x9.png 18w\" sizes=\"auto, (max-width: 500px) 100vw, 500px\" \/>\t\t\t\t\t\t\t\t<\/a><figcaption>N\u0130SANBET.COM<\/figcaption><\/figure>\n<figure>\n\t\t\t\t\t\t\t\t\t\t\t<a href=\"https:\/\/t2m.io\/btjn\" target=\"_blank\" rel=\"noopener\"><br \/>\n\t\t\t\t\t\t\t<img loading=\"lazy\" decoding=\"async\" width=\"500\" height=\"250\" src=\"https:\/\/casinooyunlarisiteleri.com\/wp-content\/uploads\/2025\/10\/jojobet2.png\" alt=\"Jojobet.com\" srcset=\"https:\/\/casinooyunlarisiteleri.com\/wp-content\/uploads\/2025\/10\/jojobet2.png 500w, https:\/\/casinooyunlarisiteleri.com\/wp-content\/uploads\/2025\/10\/jojobet2-18x9.png 18w\" sizes=\"auto, (max-width: 500px) 100vw, 500px\" \/>\t\t\t\t\t\t\t\t<\/a><figcaption>Jojobet.com<\/figcaption><\/figure>\n<figure>\n\t\t\t\t\t\t\t\t\t\t\t<a href=\"https:\/\/t2m.io\/btjn\" target=\"_blank\" rel=\"noopener\"><br \/>\n\t\t\t\t\t\t\t<img loading=\"lazy\" decoding=\"async\" width=\"500\" height=\"250\" src=\"https:\/\/casinooyunlarisiteleri.com\/wp-content\/uploads\/2025\/10\/casibom2.png\" alt=\"Casibom.com\" srcset=\"https:\/\/casinooyunlarisiteleri.com\/wp-content\/uploads\/2025\/10\/casibom2.png 500w, https:\/\/casinooyunlarisiteleri.com\/wp-content\/uploads\/2025\/10\/casibom2-18x9.png 18w\" sizes=\"auto, (max-width: 500px) 100vw, 500px\" \/>\t\t\t\t\t\t\t\t<\/a><figcaption>Casibom.com<\/figcaption><\/figure>\n<figure>\n\t\t\t\t\t\t\t\t\t\t\t<a href=\"https:\/\/m.santosbetting458.com\/tr\/\" target=\"_blank\" rel=\"noopener\"><br \/>\n\t\t\t\t\t\t\t<img loading=\"lazy\" decoding=\"async\" width=\"500\" height=\"250\" src=\"https:\/\/casinooyunlarisiteleri.com\/wp-content\/uploads\/2025\/04\/santosbeting.png\" alt=\"Santosbetting.com\" srcset=\"https:\/\/casinooyunlarisiteleri.com\/wp-content\/uploads\/2025\/04\/santosbeting.png 500w, https:\/\/casinooyunlarisiteleri.com\/wp-content\/uploads\/2025\/04\/santosbeting-18x9.png 18w\" sizes=\"auto, (max-width: 500px) 100vw, 500px\" \/>\t\t\t\t\t\t\t\t<\/a><figcaption>Santosbetting.com<\/figcaption><\/figure>\n<figure>\n\t\t\t\t\t\t\t\t\t\t\t<a href=\"https:\/\/t2m.io\/bx34blg\" target=\"_blank\" rel=\"noopener\"><br \/>\n\t\t\t\t\t\t\t<img loading=\"lazy\" decoding=\"async\" width=\"500\" height=\"250\" src=\"https:\/\/casinooyunlarisiteleri.com\/wp-content\/uploads\/2024\/12\/betx34.png\" alt=\"betx34.ne\" srcset=\"https:\/\/casinooyunlarisiteleri.com\/wp-content\/uploads\/2024\/12\/betx34.png 500w, https:\/\/casinooyunlarisiteleri.com\/wp-content\/uploads\/2024\/12\/betx34-18x9.png 18w\" sizes=\"auto, (max-width: 500px) 100vw, 500px\" \/>\t\t\t\t\t\t\t\t<\/a><figcaption>Betx34.net<\/figcaption><\/figure>\n<figure>\n\t\t\t\t\t\t\t\t\t\t\t<a href=\"https:\/\/siyahbetaff.xyz\/links\/?btag=2207092\" target=\"_blank\" rel=\"noopener\"><br \/>\n\t\t\t\t\t\t\t<img loading=\"lazy\" decoding=\"async\" width=\"500\" height=\"250\" src=\"https:\/\/casinooyunlarisiteleri.com\/wp-content\/uploads\/2024\/12\/siyahbet.png\" alt=\"siyahbet.com\" srcset=\"https:\/\/casinooyunlarisiteleri.com\/wp-content\/uploads\/2024\/12\/siyahbet.png 500w, https:\/\/casinooyunlarisiteleri.com\/wp-content\/uploads\/2024\/12\/siyahbet-18x9.png 18w\" sizes=\"auto, (max-width: 500px) 100vw, 500px\" \/>\t\t\t\t\t\t\t\t<\/a><figcaption>Siyahbet.com<\/figcaption><\/figure>\n<figure>\n\t\t\t\t\t\t\t\t\t\t\t<a href=\"https:\/\/t2m.io\/wgs34\" target=\"_blank\" rel=\"noopener\"><br \/>\n\t\t\t\t\t\t\t<img loading=\"lazy\" decoding=\"async\" width=\"500\" height=\"250\" src=\"https:\/\/casinooyunlarisiteleri.com\/wp-content\/uploads\/2024\/12\/wegas34.png\" alt=\"wegas34\" srcset=\"https:\/\/casinooyunlarisiteleri.com\/wp-content\/uploads\/2024\/12\/wegas34.png 500w, https:\/\/casinooyunlarisiteleri.com\/wp-content\/uploads\/2024\/12\/wegas34-18x9.png 18w\" sizes=\"auto, (max-width: 500px) 100vw, 500px\" \/>\t\t\t\t\t\t\t\t<\/a><figcaption>Wegas34.com<\/figcaption><\/figure>\n<figure>\n\t\t\t\t\t\t\t\t\t\t\t<a href=\"https:\/\/t2m.io\/lzgms\" target=\"_blank\" rel=\"noopener\"><br \/>\n\t\t\t\t\t\t\t<img loading=\"lazy\" decoding=\"async\" width=\"500\" height=\"250\" src=\"https:\/\/casinooyunlarisiteleri.com\/wp-content\/uploads\/2025\/03\/Lizagames.png\" alt=\"Lizagames.com\" srcset=\"https:\/\/casinooyunlarisiteleri.com\/wp-content\/uploads\/2025\/03\/Lizagames.png 500w, https:\/\/casinooyunlarisiteleri.com\/wp-content\/uploads\/2025\/03\/Lizagames-18x9.png 18w\" sizes=\"auto, (max-width: 500px) 100vw, 500px\" \/>\t\t\t\t\t\t\t\t<\/a><figcaption>Lizagames.com<\/figcaption><\/figure>\n<figure>\n\t\t\t\t\t\t\t\t\t\t\t<a href=\"https:\/\/cutt.ly\/geJjhMvO\" target=\"_blank\" rel=\"noopener\"><br \/>\n\t\t\t\t\t\t\t<img loading=\"lazy\" decoding=\"async\" width=\"500\" height=\"250\" src=\"https:\/\/casinooyunlarisiteleri.com\/wp-content\/uploads\/2024\/12\/betmatik.png\" alt=\"betmati.com\" srcset=\"https:\/\/casinooyunlarisiteleri.com\/wp-content\/uploads\/2024\/12\/betmatik.png 500w, https:\/\/casinooyunlarisiteleri.com\/wp-content\/uploads\/2024\/12\/betmatik-18x9.png 18w\" sizes=\"auto, (max-width: 500px) 100vw, 500px\" \/>\t\t\t\t\t\t\t\t<\/a><figcaption>Betmatik.com<\/figcaption><\/figure>\n<figure>\n\t\t\t\t\t\t\t\t\t\t\t<a href=\"https:\/\/pekinbetaffiliate.com\/links\/?btag=2207097\" target=\"_blank\" rel=\"noopener\"><br \/>\n\t\t\t\t\t\t\t<img loading=\"lazy\" decoding=\"async\" width=\"500\" height=\"250\" src=\"https:\/\/casinooyunlarisiteleri.com\/wp-content\/uploads\/2024\/11\/pekinbet.png\" alt=\"pekinbet.com\" srcset=\"https:\/\/casinooyunlarisiteleri.com\/wp-content\/uploads\/2024\/11\/pekinbet.png 500w, https:\/\/casinooyunlarisiteleri.com\/wp-content\/uploads\/2024\/11\/pekinbet-18x9.png 18w\" sizes=\"auto, (max-width: 500px) 100vw, 500px\" \/>\t\t\t\t\t\t\t\t<\/a><figcaption>Pekinbet.com<\/figcaption><\/figure>\n<figure>\n\t\t\t\t\t\t\t\t\t\t\t<a href=\"https:\/\/t2m.io\/btjn\" target=\"_blank\" rel=\"noopener\"><br \/>\n\t\t\t\t\t\t\t<img loading=\"lazy\" decoding=\"async\" width=\"500\" height=\"250\" src=\"https:\/\/casinooyunlarisiteleri.com\/wp-content\/uploads\/2025\/10\/sekabet2.png\" alt=\"Sekabet.com\" srcset=\"https:\/\/casinooyunlarisiteleri.com\/wp-content\/uploads\/2025\/10\/sekabet2.png 500w, https:\/\/casinooyunlarisiteleri.com\/wp-content\/uploads\/2025\/10\/sekabet2-18x9.png 18w\" sizes=\"auto, (max-width: 500px) 100vw, 500px\" \/>\t\t\t\t\t\t\t\t<\/a><figcaption>Sekabet.com<\/figcaption><\/figure>\n<h2><span class=\"ez-toc-section\" id=\"Sitelerinize_Bizim_Reklamlarimiz_Ile_Bahis_Dunyasina_Adim_Attirin\"><\/span>\nSitelerinize Bizim Reklamlar\u0131m\u0131z, \u0130le Bahis D\u00fcnyas\u0131na Ad\u0131m Att\u0131r\u0131n!<br \/>\n            <span class=\"ez-toc-section-end\"><\/span><\/h2>\n<p>\t\t\t\t\t<a href=\"https:\/\/api.whatsapp.com\/send\/?phone=%2B40730026037&#038;text&#038;type=phone_number&#038;app_absent=0\" target=\"_blank\" rel=\"noopener\"><br \/>\n   Hemen Ara<br \/>\n<\/a><\/p>","protected":false},"excerpt":{"rendered":"<p>Online Bahis Sistemleri Hemen Ba\u015fvur An\u0131nda 7\/24 Destek hemen bize ula\u015f\u0131n ONL\u0130NE BAH\u0130S SLOT CAS\u0130NO S\u0130STEMLER\u0130 \u0130\u00c7\u0130N DA\u0130MA YANINIZDAYIZ. BETJANT\u0130.COM ROMABET.COM HUKABET.COM BANKOBET.COM HUKABET.COM N\u0130SANBET.COM Jojobet.com Casibom.com Santosbetting.com Betx34.net Siyahbet.com [&hellip;]<\/p>\n","protected":false},"author":1,"featured_media":0,"parent":0,"menu_order":0,"comment_status":"closed","ping_status":"closed","template":"","meta":{"_monsterinsights_skip_tracking":false,"_monsterinsights_sitenote_active":false,"_monsterinsights_sitenote_note":"","_monsterinsights_sitenote_category":0,"_price":"","_stock":"","_tribe_ticket_header":"","_tribe_default_ticket_provider":"","_tribe_ticket_capacity":"0","_ticket_start_date":"","_ticket_end_date":"","_tribe_ticket_show_description":"","_tribe_ticket_show_not_going":false,"_tribe_ticket_use_global_stock":"","_tribe_ticket_global_stock_level":"","_global_stock_mode":"","_global_stock_cap":"","_tribe_rsvp_for_event":"","_tribe_ticket_going_count":"","_tribe_ticket_not_going_count":"","_tribe_tickets_list":"[]","_tribe_ticket_has_attendee_info_fields":false,"footnotes":"","_tec_slr_enabled":"","_tec_slr_layout":""},"class_list":["post-1696","page","type-page","status-publish","hentry"],"ticketed":false,"_links":{"self":[{"href":"https:\/\/casinooyunlarisiteleri.com\/en\/wp-json\/wp\/v2\/pages\/1696","targetHints":{"allow":["GET"]}}],"collection":[{"href":"https:\/\/casinooyunlarisiteleri.com\/en\/wp-json\/wp\/v2\/pages"}],"about":[{"href":"https:\/\/casinooyunlarisiteleri.com\/en\/wp-json\/wp\/v2\/types\/page"}],"author":[{"embeddable":true,"href":"https:\/\/casinooyunlarisiteleri.com\/en\/wp-json\/wp\/v2\/users\/1"}],"replies":[{"embeddable":true,"href":"https:\/\/casinooyunlarisiteleri.com\/en\/wp-json\/wp\/v2\/comments?post=1696"}],"version-history":[{"count":53,"href":"https:\/\/casinooyunlarisiteleri.com\/en\/wp-json\/wp\/v2\/pages\/1696\/revisions"}],"predecessor-version":[{"id":2548,"href":"https:\/\/casinooyunlarisiteleri.com\/en\/wp-json\/wp\/v2\/pages\/1696\/revisions\/2548"}],"wp:attachment":[{"href":"https:\/\/casinooyunlarisiteleri.com\/en\/wp-json\/wp\/v2\/media?parent=1696"}],"curies":[{"name":"wp","href":"https:\/\/api.w.org\/{rel}","templated":true}]}}