{"id":1367,"date":"2020-12-08T03:53:35","date_gmt":"2020-12-08T03:53:35","guid":{"rendered":"https:\/\/gaviaspreview.com\/wp\/conult\/?page_id=22"},"modified":"2024-12-12T14:50:32","modified_gmt":"2024-12-12T14:50:32","slug":"iletisim","status":"publish","type":"page","link":"https:\/\/casinooyunlarisiteleri.com\/en\/iletisim\/","title":{"rendered":"ileti\u015fim"},"content":{"rendered":"<div id=\"ez-toc-container\" class=\"ez-toc-v2_0_82_2 counter-hierarchy ez-toc-counter ez-toc-grey ez-toc-container-direction\">\n<div class=\"ez-toc-title-container\">\n<p class=\"ez-toc-title\" style=\"cursor:inherit\">Table of Contents<\/p>\n<span class=\"ez-toc-title-toggle\"><a href=\"#\" class=\"ez-toc-pull-right ez-toc-btn ez-toc-btn-xs ez-toc-btn-default ez-toc-toggle\" aria-label=\"Toggle Table of Content\"><span class=\"ez-toc-js-icon-con\"><span class=\"\"><span class=\"eztoc-hide\" style=\"display:none;\">Toggle<\/span><span class=\"ez-toc-icon-toggle-span\"><svg style=\"fill: #999;color:#999\" xmlns=\"http:\/\/www.w3.org\/2000\/svg\" class=\"list-377408\" width=\"20px\" height=\"20px\" viewbox=\"0 0 24 24\" fill=\"none\"><path d=\"M6 6H4v2h2V6zm14 0H8v2h12V6zM4 11h2v2H4v-2zm16 0H8v2h12v-2zM4 16h2v2H4v-2zm16 0H8v2h12v-2z\" fill=\"currentColor\"><\/path><\/svg><svg style=\"fill: #999;color:#999\" class=\"arrow-unsorted-368013\" xmlns=\"http:\/\/www.w3.org\/2000\/svg\" width=\"10px\" height=\"10px\" viewbox=\"0 0 24 24\" version=\"1.2\" baseprofile=\"tiny\"><path d=\"M18.2 9.3l-6.2-6.3-6.2 6.3c-.2.2-.3.4-.3.7s.1.5.3.7c.2.2.4.3.7.3h11c.3 0 .5-.1.7-.3.2-.2.3-.5.3-.7s-.1-.5-.3-.7zM5.8 14.7l6.2 6.3 6.2-6.3c.2-.2.3-.5.3-.7s-.1-.5-.3-.7c-.2-.2-.4-.3-.7-.3h-11c-.3 0-.5.1-.7.3-.2.2-.3.5-.3.7s.1.5.3.7z\"\/><\/svg><\/span><\/span><\/span><\/a><\/span><\/div>\n<nav><ul class='ez-toc-list ez-toc-list-level-1' ><li class='ez-toc-page-1 ez-toc-heading-level-2'><a class=\"ez-toc-link ez-toc-heading-1\" href=\"https:\/\/casinooyunlarisiteleri.com\/en\/iletisim\/#Kiralik_Bahis_Casino\" >Kiral\u0131k Bahis Casino<\/a><\/li><li class='ez-toc-page-1 ez-toc-heading-level-2'><a class=\"ez-toc-link ez-toc-heading-2\" href=\"https:\/\/casinooyunlarisiteleri.com\/en\/iletisim\/#Iletisim_Bilgileri\" >\u0130leti\u015fim Bilgileri<\/a><\/li><li class='ez-toc-page-1 ez-toc-heading-level-2'><a class=\"ez-toc-link ez-toc-heading-3\" href=\"https:\/\/casinooyunlarisiteleri.com\/en\/iletisim\/#40_730026037\" >+40 730026037<\/a><\/li><li class='ez-toc-page-1 ez-toc-heading-level-2'><a class=\"ez-toc-link ez-toc-heading-4\" href=\"https:\/\/casinooyunlarisiteleri.com\/en\/iletisim\/#infocasinooyunlarisitelericom\" >info@casinooyunlarisiteleri.com<\/a><\/li><li class='ez-toc-page-1 ez-toc-heading-level-2'><a class=\"ez-toc-link ez-toc-heading-5\" href=\"https:\/\/casinooyunlarisiteleri.com\/en\/iletisim\/#RomanyaBukresAlmanyaFrankfurt\" >Romanya\/B\u00fckre\u015f\/Almanya\/Frankfurt<\/a><\/li><li class='ez-toc-page-1 ez-toc-heading-level-2'><a class=\"ez-toc-link ez-toc-heading-6\" href=\"https:\/\/casinooyunlarisiteleri.com\/en\/iletisim\/#Iletisim_Bilgileri-2\" >\u0130leti\u015fim Bilgileri<\/a><\/li><\/ul><\/nav><\/div>\n<h2><span class=\"ez-toc-section\" id=\"Kiralik_Bahis_Casino\"><\/span>\n               Kiral\u0131k Bahis Casino<br \/>\n            <span class=\"ez-toc-section-end\"><\/span><\/h2>\n<p>                              \u0130leti\u015fim <\/p>\n<h2><span class=\"ez-toc-section\" id=\"Iletisim_Bilgileri\"><\/span>\u0130leti\u015fim Bilgileri<span class=\"ez-toc-section-end\"><\/span><\/h2>\n<p>               Call Anytime <\/p>\n<h2><span class=\"ez-toc-section\" id=\"40_730026037\"><\/span>\n               +40 730026037<br \/>\n            <span class=\"ez-toc-section-end\"><\/span><\/h2>\n<p>               Send Email <\/p>\n<h2><span class=\"ez-toc-section\" id=\"infocasinooyunlarisitelericom\"><\/span>\n               info@casinooyunlarisiteleri.com<br \/>\n            <span class=\"ez-toc-section-end\"><\/span><\/h2>\n<p>               Visit Office <\/p>\n<h2><span class=\"ez-toc-section\" id=\"RomanyaBukresAlmanyaFrankfurt\"><\/span>\n               Romanya\/B\u00fckre\u015f\/Almanya\/Frankfurt<br \/>\n            <span class=\"ez-toc-section-end\"><\/span><\/h2>\n<p>\t\t\t\t\t<a href=\"https:\/\/api.whatsapp.com\/send\/?phone=%2B40730026037&#038;text&#038;type=phone_number&#038;app_absent=0\" target=\"_blank\" rel=\"noopener\"><br \/>\n\t\t\t\t\t\t\t\t\tHemen Bize Ula\u015f\u0131n<br \/>\n\t\t\t\t\t<\/a><br \/>\n\t\t\t\t\t<a href=\"https:\/\/twitter.com\/envato\/\" target=\"_blank\" rel=\"noopener\"><br \/>\n\t\t\t\t\t\tTwitter<br \/>\n\t\t\t\t\t\t\t\t\t\t\t<\/a><br \/>\n\t\t\t\t\t<a href=\"https:\/\/www.facebook.com\/envato\/\" target=\"_blank\" rel=\"noopener\"><br \/>\n\t\t\t\t\t\tFacebook<br \/>\n\t\t\t\t\t\t\t\t\t\t\t<\/a><br \/>\n\t\t\t\t\t<a href=\"https:\/\/www.instagram.com\/envato\/\" target=\"_blank\" rel=\"noopener\"><br \/>\n\t\t\t\t\t\tInstagram<br \/>\n\t\t\t\t\t\t\t\t\t\t\t<\/a><\/p>\n<h2><span class=\"ez-toc-section\" id=\"Iletisim_Bilgileri-2\"><\/span>\u0130leti\u015fim Bilgileri<span class=\"ez-toc-section-end\"><\/span><\/h2>\n<p>\t\t\t\t\t\t\t\t\t\t\t\t\t<img loading=\"lazy\" decoding=\"async\" width=\"500\" height=\"500\" src=\"https:\/\/casinooyunlarisiteleri.com\/wp-content\/uploads\/2021\/08\/casino-1.png\" alt=\"casino\" srcset=\"https:\/\/casinooyunlarisiteleri.com\/wp-content\/uploads\/2021\/08\/casino-1.png 500w, https:\/\/casinooyunlarisiteleri.com\/wp-content\/uploads\/2021\/08\/casino-1-175x175.png 175w, https:\/\/casinooyunlarisiteleri.com\/wp-content\/uploads\/2021\/08\/casino-1-12x12.png 12w\" sizes=\"auto, (max-width: 500px) 100vw, 500px\" \/>\t\t\t\t\t\t\t\t\t\t\t\t\t<\/p>\n<p>Kiral\u0131k bahis sitesi hizmeti almak isteyenler i\u00e7in a\u015fa\u011f\u0131daki ileti\u015fim bilgilerimizle bizlere ula\u015fabilir ve teknik detaylar hakk\u0131nda detayl\u0131 bilgi alabilirsiniz.<\/p>\n<p>Herhangi bir bahis sitesinde oynanan oyunlar, ne olursa olsun oyuncular\u0131n sonunda kay\u0131plara u\u011framas\u0131na neden olabilir. Bahis sitesi sahipleri i\u00e7in rekabetin ana hedefi, rakiplerini oyuncu say\u0131s\u0131 a\u00e7\u0131s\u0131ndan geride b\u0131rakmakt\u0131r.<\/p>\n<p>Yeni bir bahis sitesi a\u00e7mak isteyenlerin, bu sitelerin kurulmas\u0131 i\u00e7in belirli bir s\u00fcre\u00e7ten ge\u00e7meleri gerekmektedir. Bu s\u00fcre\u00e7 zorlu olabilir ve kesin bir ba\u015far\u0131 garantisi bulunmamaktad\u0131r.<\/p>\n<p>Admin kiralama i\u015flemi ger\u00e7ekle\u015ftirildi\u011finde, tan\u0131nm\u0131\u015f bir firmadan bayilik al\u0131nm\u0131\u015f olur.<\/p>\n<p>Bu \u015fekilde, uygun maliyetli bir bahis sitesine sahip olman\u0131n yan\u0131 s\u0131ra, site aktif hale geldi\u011fi anda para kazanmaya ba\u015flanabilir.<\/p>\n<p>Ayr\u0131ca, son derece profesyonel bir siteyle oyunculara hizmet verme \u015fans\u0131 elde edilir.<\/p>\n<p>Kiral\u0131k bir site, uygun maliyetli olmas\u0131n\u0131n yan\u0131 s\u0131ra istenilen formatta bir \u015fablon \u00fczerinde d\u00fczenlenebilir. Bahis sitesi sahibi olmak isteyenler i\u00e7in tavsiye edilen genellikle kaliteli bir firman\u0131n bayili\u011fini almak olacakt\u0131r.<\/p>\n<p>Size sunulan demo s\u00fcr\u00fcm\u00fc test ederek be\u011fenip be\u011fenmedi\u011finize karar verebilirsiniz. Be\u011fendi\u011finiz takdirde, sistem kiralama bedeli kar\u015f\u0131l\u0131\u011f\u0131nda kullan\u0131ma ba\u015flanabilir.<\/p>\n<p>Demolar\u0131m\u0131z\u0131 incelemek i\u00e7in web sitemizi ziyaret edebilir ve istedi\u011finiz yaz\u0131l\u0131m hakk\u0131nda do\u011frudan bilgi alabilirsiniz.<\/p>\n<p><strong>\u0130leti\u015fim Bilgileri:<\/strong><\/p>\n<p>Kiral\u0131k bahis d\u00fcnyas\u0131nda keyifli bir deneyim ya\u015famak veya herhangi bir sorunuz varsa, sizinle ileti\u015fim kurmaktan memnuniyet duyar\u0131z. &#8220;Kiral\u0131k Bahis Casino&#8221; ekibi, m\u00fc\u015fteri memnuniyetini ve destek hizmetlerini en \u00fcst d\u00fczeye \u00e7\u0131karmak i\u00e7in burada.<\/p>\n<p><strong>Nas\u0131l Bize Ula\u015fabilirsiniz?<\/strong><\/p>\n<p>M\u00fc\u015fteri deste\u011fine ihtiyac\u0131n\u0131z oldu\u011funda veya herhangi bir soru sormak istedi\u011finizde, bize farkl\u0131 yollarla ula\u015fabilirsiniz:<\/p>\n<p><strong>Canl\u0131 Sohbet (Chat):<\/strong> Sitemizin sa\u011f alt k\u00f6\u015fesinde bulunan canl\u0131 sohbet (chat) hizmetimizden yararlanabilirsiniz. An\u0131nda yan\u0131tlar ve yard\u0131m alabilece\u011finiz bir se\u00e7enektir.<\/p>\n<p><strong>E-posta:<\/strong> <strong>info<a target=\"_new\">@casinooyunlarisiteleri.com<\/a><\/strong> adresine e-posta g\u00f6ndererek bize ula\u015fabilirsiniz. Sorular\u0131n\u0131z\u0131 ve geri bildirimlerinizi buradan iletebilirsiniz. M\u00fcmk\u00fcn olan en k\u0131sa s\u00fcrede size geri d\u00f6n\u00fc\u015f yapaca\u011f\u0131z.<\/p>\n<p><strong>\u0130leti\u015fim Formu:<\/strong> Web sitemizde bulunan ileti\u015fim formunu doldurarak da bizimle ileti\u015fime ge\u00e7ebilirsiniz. Ad\u0131n\u0131z\u0131, e-posta adresinizi, konuyu ve iletmek istedi\u011finiz mesaj\u0131 girmeniz yeterlidir. Size h\u0131zl\u0131 bir \u015fekilde d\u00f6n\u00fc\u015f yapaca\u011f\u0131z.<\/p>\n<p><strong>Gizlili\u011finizi Koruyoruz<\/strong><\/p>\n<p>Bize ula\u015f\u0131rken verdi\u011finiz bilgilerin gizlili\u011fine b\u00fcy\u00fck \u00f6nem veriyoruz. Ki\u015fisel verileriniz, gizlilik politikalar\u0131m\u0131za ve y\u00fcr\u00fcrl\u00fckteki yasalara uygun olarak korunmaktad\u0131r.<\/p>\n<p>    <a>Casino Oyunlari Siteleri<\/a><\/p>","protected":false},"excerpt":{"rendered":"<p>Kiral\u0131k Bahis Casino \u0130leti\u015fim \u0130leti\u015fim Bilgileri Call Anytime +40 730026037 Send Email info@casinooyunlarisiteleri.com Visit Office Romanya\/B\u00fckre\u015f\/Almanya\/Frankfurt Hemen Bize Ula\u015f\u0131n Twitter Facebook Instagram \u0130leti\u015fim Bilgileri Kiral\u0131k bahis sitesi hizmeti almak isteyenler [&hellip;]<\/p>\n","protected":false},"author":1,"featured_media":0,"parent":0,"menu_order":0,"comment_status":"closed","ping_status":"closed","template":"","meta":{"_monsterinsights_skip_tracking":false,"_monsterinsights_sitenote_active":false,"_monsterinsights_sitenote_note":"","_monsterinsights_sitenote_category":0,"_price":"","_stock":"","_tribe_ticket_header":"","_tribe_default_ticket_provider":"","_tribe_ticket_capacity":"0","_ticket_start_date":"","_ticket_end_date":"","_tribe_ticket_show_description":"","_tribe_ticket_show_not_going":false,"_tribe_ticket_use_global_stock":"","_tribe_ticket_global_stock_level":"","_global_stock_mode":"","_global_stock_cap":"","_tribe_rsvp_for_event":"","_tribe_ticket_going_count":"","_tribe_ticket_not_going_count":"","_tribe_tickets_list":"[]","_tribe_ticket_has_attendee_info_fields":false,"footnotes":"","_tec_slr_enabled":"","_tec_slr_layout":""},"class_list":["post-1367","page","type-page","status-publish","hentry"],"ticketed":false,"_links":{"self":[{"href":"https:\/\/casinooyunlarisiteleri.com\/en\/wp-json\/wp\/v2\/pages\/1367","targetHints":{"allow":["GET"]}}],"collection":[{"href":"https:\/\/casinooyunlarisiteleri.com\/en\/wp-json\/wp\/v2\/pages"}],"about":[{"href":"https:\/\/casinooyunlarisiteleri.com\/en\/wp-json\/wp\/v2\/types\/page"}],"author":[{"embeddable":true,"href":"https:\/\/casinooyunlarisiteleri.com\/en\/wp-json\/wp\/v2\/users\/1"}],"replies":[{"embeddable":true,"href":"https:\/\/casinooyunlarisiteleri.com\/en\/wp-json\/wp\/v2\/comments?post=1367"}],"version-history":[{"count":26,"href":"https:\/\/casinooyunlarisiteleri.com\/en\/wp-json\/wp\/v2\/pages\/1367\/revisions"}],"predecessor-version":[{"id":2392,"href":"https:\/\/casinooyunlarisiteleri.com\/en\/wp-json\/wp\/v2\/pages\/1367\/revisions\/2392"}],"wp:attachment":[{"href":"https:\/\/casinooyunlarisiteleri.com\/en\/wp-json\/wp\/v2\/media?parent=1367"}],"curies":[{"name":"wp","href":"https:\/\/api.w.org\/{rel}","templated":true}]}}