{"id":1366,"date":"2020-12-08T03:53:12","date_gmt":"2020-12-08T03:53:12","guid":{"rendered":"https:\/\/gaviaspreview.com\/wp\/conult\/?page_id=21"},"modified":"2024-11-30T07:37:32","modified_gmt":"2024-11-30T07:37:32","slug":"hakkimizda","status":"publish","type":"page","link":"https:\/\/casinooyunlarisiteleri.com\/en\/hakkimizda\/","title":{"rendered":"Hakk\u0131m\u0131zda"},"content":{"rendered":"<div id=\"ez-toc-container\" class=\"ez-toc-v2_0_82_2 counter-hierarchy ez-toc-counter ez-toc-grey ez-toc-container-direction\">\n<div class=\"ez-toc-title-container\">\n<p class=\"ez-toc-title\" style=\"cursor:inherit\">Table of Contents<\/p>\n<span class=\"ez-toc-title-toggle\"><a href=\"#\" class=\"ez-toc-pull-right ez-toc-btn ez-toc-btn-xs ez-toc-btn-default ez-toc-toggle\" aria-label=\"Toggle Table of Content\"><span class=\"ez-toc-js-icon-con\"><span class=\"\"><span class=\"eztoc-hide\" style=\"display:none;\">Toggle<\/span><span class=\"ez-toc-icon-toggle-span\"><svg style=\"fill: #999;color:#999\" xmlns=\"http:\/\/www.w3.org\/2000\/svg\" class=\"list-377408\" width=\"20px\" height=\"20px\" viewbox=\"0 0 24 24\" fill=\"none\"><path d=\"M6 6H4v2h2V6zm14 0H8v2h12V6zM4 11h2v2H4v-2zm16 0H8v2h12v-2zM4 16h2v2H4v-2zm16 0H8v2h12v-2z\" fill=\"currentColor\"><\/path><\/svg><svg style=\"fill: #999;color:#999\" class=\"arrow-unsorted-368013\" xmlns=\"http:\/\/www.w3.org\/2000\/svg\" width=\"10px\" height=\"10px\" viewbox=\"0 0 24 24\" version=\"1.2\" baseprofile=\"tiny\"><path d=\"M18.2 9.3l-6.2-6.3-6.2 6.3c-.2.2-.3.4-.3.7s.1.5.3.7c.2.2.4.3.7.3h11c.3 0 .5-.1.7-.3.2-.2.3-.5.3-.7s-.1-.5-.3-.7zM5.8 14.7l6.2 6.3 6.2-6.3c.2-.2.3-.5.3-.7s-.1-.5-.3-.7c-.2-.2-.4-.3-.7-.3h-11c-.3 0-.5.1-.7.3-.2.2-.3.5-.3.7s.1.5.3.7z\"\/><\/svg><\/span><\/span><\/span><\/a><\/span><\/div>\n<nav><ul class='ez-toc-list ez-toc-list-level-1' ><li class='ez-toc-page-1 ez-toc-heading-level-2'><a class=\"ez-toc-link ez-toc-heading-1\" href=\"https:\/\/casinooyunlarisiteleri.com\/en\/hakkimizda\/#Hakkimizda\" >Hakk\u0131m\u0131zda<\/a><\/li><li class='ez-toc-page-1 ez-toc-heading-level-2'><a class=\"ez-toc-link ez-toc-heading-2\" href=\"https:\/\/casinooyunlarisiteleri.com\/en\/hakkimizda\/#Hakkimizda-2\" >Hakk\u0131m\u0131zda<\/a><ul class='ez-toc-list-level-3' ><li class='ez-toc-heading-level-3'><a class=\"ez-toc-link ez-toc-heading-3\" href=\"https:\/\/casinooyunlarisiteleri.com\/en\/hakkimizda\/#Sistem_Alanizi\" >Sistem Alanizi<\/a><\/li><li class='ez-toc-page-1 ez-toc-heading-level-3'><a class=\"ez-toc-link ez-toc-heading-4\" href=\"https:\/\/casinooyunlarisiteleri.com\/en\/hakkimizda\/#Sistem_Kalitesi\" >Sistem Kalitesi<\/a><\/li><li class='ez-toc-page-1 ez-toc-heading-level-3'><a class=\"ez-toc-link ez-toc-heading-5\" href=\"https:\/\/casinooyunlarisiteleri.com\/en\/hakkimizda\/#Uyelikli_Panel\" >\u00dcyelikli Panel<\/a><\/li><\/ul><\/li><li class='ez-toc-page-1 ez-toc-heading-level-2'><a class=\"ez-toc-link ez-toc-heading-6\" href=\"https:\/\/casinooyunlarisiteleri.com\/en\/hakkimizda\/#Sistem_Ozellikleri_Online_Bahis_ve_Casino_Siteleri\" >Sistem \u00d6zellikleri Online Bahis ve Casino Siteleri<\/a><\/li><\/ul><\/nav><\/div>\n<h2><span class=\"ez-toc-section\" id=\"Hakkimizda\"><\/span>\n               Hakk\u0131m\u0131zda<br \/>\n            <span class=\"ez-toc-section-end\"><\/span><\/h2>\n<p>                              Online Bahis Casino Sistemleri <\/p>\n<h2><span class=\"ez-toc-section\" id=\"Hakkimizda-2\"><\/span>\n               Hakk\u0131m\u0131zda<br \/>\n            <span class=\"ez-toc-section-end\"><\/span><\/h2>\n<p>                              Casinooyunlarisiteleri.com, 2010 y\u0131l\u0131nda  Minsk\u2019de kurulmu\u015f ve aktif olarak yay\u0131n hayat\u0131na ba\u015flam\u0131\u015ft\u0131r. Firmam\u0131z, t\u00fcm d\u00fcnya genelinde bahis, casino, tombala ve rulet gibi oyunlar\u0131 lisansl\u0131 bir \u015fekilde sunma yetkisine sahiptir. B\u00fcnyesinde uzman yaz\u0131l\u0131m m\u00fchendislerini bulunduran Casinooyunlarisiteleri, PHP, JavaScript, CSS, ASP.NET gibi \u00f6nemli yaz\u0131l\u0131m dillerine hakim olan deneyimli bir kadroya sahiptir. Y\u0131llar\u0131n verdi\u011fi tecr\u00fcbeyle siz de\u011ferli m\u00fc\u015fterilerimize hizmet sunmaktan mutluluk duyar\u0131z. Ayr\u0131ca, T\u00fcrk\u00e7e konu\u015fan deneyimli ve ba\u015far\u0131l\u0131 destek ekibimizle de her zaman yan\u0131n\u0131zday\u0131z.<br \/>\nKurumsal De\u011ferlerimiz:<br \/>\nG\u00fcvenilir, Kaliteli ve Kullan\u0131c\u0131 Dostu Paneller: M\u00fc\u015fterilerimize g\u00fcvenilir, kaliteli ve kullan\u0131c\u0131 dostu paneller sunarak en iyi deneyimi ya\u015fatmay\u0131 hedefliyoruz.<br \/>\nS\u00fcrekli G\u00fcncellenen Lisansl\u0131 Oyun Se\u00e7enekleri: S\u00fcrekli olarak g\u00fcncellenen ve lisansl\u0131 oyun se\u00e7enekleriyle m\u00fc\u015fterilerimize \u00e7e\u015fitlilik sunuyoruz.<br \/>\nGelir Yaratma ve Kullan\u0131c\u0131 Kat\u0131l\u0131m Planlar\u0131: M\u00fc\u015fterilerimizin gelirlerini art\u0131rmalar\u0131 ve kat\u0131l\u0131mlar\u0131n\u0131 sa\u011flamak i\u00e7in etkili planlar geli\u015ftiriyoruz.<br \/>\n\u015eirket B\u00fcy\u00fcme Metriklerinin Grafi\u011fini \u00c7izme: \u015eirketimizin b\u00fcy\u00fcme hedeflerine ula\u015fmas\u0131 i\u00e7in gerekli metrikleri analiz ederek stratejiler belirliyoruz.<br \/>\nSekt\u00f6rde G\u00fc\u00e7l\u00fc Bir Dayanak Olu\u015fturma: Sekt\u00f6rde g\u00fc\u00e7l\u00fc bir konum elde etmek i\u00e7in s\u00fcrekli olarak geli\u015fmeyi ve yenilenmeyi hedefliyoruz.<br \/>\nCasinooyunlarisiteleri olarak, m\u00fc\u015fteri memnuniyetini \u00f6n planda tutarak ve kurumsal de\u011ferlerimiz do\u011frultusunda hareket ederek sizlere en iyi hizmeti sunmaya devam edece\u011fiz.<\/p>\n<h3><span class=\"ez-toc-section\" id=\"Sistem_Alanizi\"><\/span>\n\t\t\t\t\t\t\tSistem Alanizi<br \/>\n\t\t\t\t\t<span class=\"ez-toc-section-end\"><\/span><\/h3>\n<p>\n\t\t\t\t\t\tSistemlerimizi \u00dcst Seviyede Tutmay\u0131 Hedeflemektedir.\t\t\t\t\t<\/p>\n<h3><span class=\"ez-toc-section\" id=\"Sistem_Kalitesi\"><\/span>\n\t\t\t\t\t\t\tSistem Kalitesi<br \/>\n\t\t\t\t\t<span class=\"ez-toc-section-end\"><\/span><\/h3>\n<p>\n\t\t\t\t\t\tSizi geli\u015fmi\u015f y\u00f6netim paneline sahip, d\u00fcnyan\u0131n en iyi bahis sistemi ile tan\u0131\u015ft\u0131r\u0131yoruz.\t\t\t\t\t<\/p>\n<h3><span class=\"ez-toc-section\" id=\"Uyelikli_Panel\"><\/span>\n\t\t\t\t\t\t\t\u00dcyelikli Panel<br \/>\n\t\t\t\t\t<span class=\"ez-toc-section-end\"><\/span><\/h3>\n<p>\n\t\t\t\t\t\tSistemlerimiz \u00dcyelikli Ve Manuel \u00dcyelik Olarak Sizlere Hizmet Sunmaktad\u0131r.\t\t\t\t\t<\/p>\n<p>\t\t\t\t\t\t\t\t\t\t\t\t\t\t<a href=\"https:\/\/t2m.io\/btjn\" target=\"_blank\" rel=\"noopener\"><br \/>\n\t\t\t\t\t\t\t<img loading=\"lazy\" decoding=\"async\" width=\"1300\" height=\"500\" src=\"https:\/\/casinooyunlarisiteleri.com\/wp-content\/uploads\/2024\/11\/betjanti1.jpg\" alt=\"betjanti.com\" srcset=\"https:\/\/casinooyunlarisiteleri.com\/wp-content\/uploads\/2024\/11\/betjanti1.jpg 1300w, https:\/\/casinooyunlarisiteleri.com\/wp-content\/uploads\/2024\/11\/betjanti1-1024x394.jpg 1024w, https:\/\/casinooyunlarisiteleri.com\/wp-content\/uploads\/2024\/11\/betjanti1-768x295.jpg 768w, https:\/\/casinooyunlarisiteleri.com\/wp-content\/uploads\/2024\/11\/betjanti1-18x7.jpg 18w, https:\/\/casinooyunlarisiteleri.com\/wp-content\/uploads\/2024\/11\/betjanti1-600x231.jpg 600w\" sizes=\"auto, (max-width: 1300px) 100vw, 1300px\" \/>\t\t\t\t\t\t\t\t<\/a><br \/>\n\t\t\t\t\t\t\t\t\t\t\t\t\t\t<a href=\"https:\/\/nanobet777.com\/Login\" target=\"_blank\" rel=\"noopener\"><br \/>\n\t\t\t\t\t\t\t<img loading=\"lazy\" decoding=\"async\" width=\"1300\" height=\"500\" src=\"https:\/\/casinooyunlarisiteleri.com\/wp-content\/uploads\/2024\/11\/nanobet.jpg\" alt=\"nanobet777.com\" srcset=\"https:\/\/casinooyunlarisiteleri.com\/wp-content\/uploads\/2024\/11\/nanobet.jpg 1300w, https:\/\/casinooyunlarisiteleri.com\/wp-content\/uploads\/2024\/11\/nanobet-1024x394.jpg 1024w, https:\/\/casinooyunlarisiteleri.com\/wp-content\/uploads\/2024\/11\/nanobet-768x295.jpg 768w, https:\/\/casinooyunlarisiteleri.com\/wp-content\/uploads\/2024\/11\/nanobet-18x7.jpg 18w, https:\/\/casinooyunlarisiteleri.com\/wp-content\/uploads\/2024\/11\/nanobet-600x231.jpg 600w\" sizes=\"auto, (max-width: 1300px) 100vw, 1300px\" \/>\t\t\t\t\t\t\t\t<\/a><br \/>\n\t\t\t\t\t\t\t\t\t\t\t\t\t\t<a href=\"https:\/\/kozbet777.com\/Login\" target=\"_blank\" rel=\"noopener\"><br \/>\n\t\t\t\t\t\t\t<img loading=\"lazy\" decoding=\"async\" width=\"1300\" height=\"500\" src=\"https:\/\/casinooyunlarisiteleri.com\/wp-content\/uploads\/2024\/11\/kozbet1.jpg\" alt=\"kozbet777.com\" srcset=\"https:\/\/casinooyunlarisiteleri.com\/wp-content\/uploads\/2024\/11\/kozbet1.jpg 1300w, https:\/\/casinooyunlarisiteleri.com\/wp-content\/uploads\/2024\/11\/kozbet1-1024x394.jpg 1024w, https:\/\/casinooyunlarisiteleri.com\/wp-content\/uploads\/2024\/11\/kozbet1-768x295.jpg 768w, https:\/\/casinooyunlarisiteleri.com\/wp-content\/uploads\/2024\/11\/kozbet1-18x7.jpg 18w, https:\/\/casinooyunlarisiteleri.com\/wp-content\/uploads\/2024\/11\/kozbet1-600x231.jpg 600w\" sizes=\"auto, (max-width: 1300px) 100vw, 1300px\" \/>\t\t\t\t\t\t\t\t<\/a><br \/>\n\t\t\t\t\t\t\t\t\t\t\t\t\t<img loading=\"lazy\" decoding=\"async\" width=\"1898\" height=\"930\" src=\"https:\/\/casinooyunlarisiteleri.com\/wp-content\/uploads\/2024\/02\/asdada.png\" alt=\"\" srcset=\"https:\/\/casinooyunlarisiteleri.com\/wp-content\/uploads\/2024\/02\/asdada.png 1898w, https:\/\/casinooyunlarisiteleri.com\/wp-content\/uploads\/2024\/02\/asdada-1024x502.png 1024w, https:\/\/casinooyunlarisiteleri.com\/wp-content\/uploads\/2024\/02\/asdada-768x376.png 768w, https:\/\/casinooyunlarisiteleri.com\/wp-content\/uploads\/2024\/02\/asdada-600x294.png 600w\" sizes=\"auto, (max-width: 1898px) 100vw, 1898px\" \/>\t\t\t\t\t\t\t\t\t\t\t\t\t<\/p>\n<h2><span class=\"ez-toc-section\" id=\"Sistem_Ozellikleri_Online_Bahis_ve_Casino_Siteleri\"><\/span>\n               Sistem \u00d6zellikleri Online Bahis ve Casino Siteleri<br \/>\n            <span class=\"ez-toc-section-end\"><\/span><\/h2>\n<p>\t\t\t<a href=\"https:\/\/api.whatsapp.com\/send\/?phone=%2B40730026037&#038;text&#038;type=phone_number&#038;app_absent=0\" target=\"_blank\" rel=\"noopener\"><br \/>\n    \u0130leti\u015fime Ge\u00e7<br \/>\n<\/a><\/p>","protected":false},"excerpt":{"rendered":"<p>Hakk\u0131m\u0131zda Online Bahis Casino Sistemleri Hakk\u0131m\u0131zda Casinooyunlarisiteleri.com, 2010 y\u0131l\u0131nda Minsk\u2019de kurulmu\u015f ve aktif olarak yay\u0131n hayat\u0131na ba\u015flam\u0131\u015ft\u0131r. Firmam\u0131z, t\u00fcm d\u00fcnya genelinde bahis, casino, tombala ve rulet gibi oyunlar\u0131 lisansl\u0131 bir [&hellip;]<\/p>\n","protected":false},"author":1,"featured_media":0,"parent":0,"menu_order":0,"comment_status":"closed","ping_status":"closed","template":"","meta":{"_monsterinsights_skip_tracking":false,"_monsterinsights_sitenote_active":false,"_monsterinsights_sitenote_note":"","_monsterinsights_sitenote_category":0,"_price":"","_stock":"","_tribe_ticket_header":"","_tribe_default_ticket_provider":"","_tribe_ticket_capacity":"0","_ticket_start_date":"","_ticket_end_date":"","_tribe_ticket_show_description":"","_tribe_ticket_show_not_going":false,"_tribe_ticket_use_global_stock":"","_tribe_ticket_global_stock_level":"","_global_stock_mode":"","_global_stock_cap":"","_tribe_rsvp_for_event":"","_tribe_ticket_going_count":"","_tribe_ticket_not_going_count":"","_tribe_tickets_list":"[]","_tribe_ticket_has_attendee_info_fields":false,"footnotes":"","_tec_slr_enabled":"","_tec_slr_layout":""},"class_list":["post-1366","page","type-page","status-publish","hentry"],"ticketed":false,"_links":{"self":[{"href":"https:\/\/casinooyunlarisiteleri.com\/en\/wp-json\/wp\/v2\/pages\/1366","targetHints":{"allow":["GET"]}}],"collection":[{"href":"https:\/\/casinooyunlarisiteleri.com\/en\/wp-json\/wp\/v2\/pages"}],"about":[{"href":"https:\/\/casinooyunlarisiteleri.com\/en\/wp-json\/wp\/v2\/types\/page"}],"author":[{"embeddable":true,"href":"https:\/\/casinooyunlarisiteleri.com\/en\/wp-json\/wp\/v2\/users\/1"}],"replies":[{"embeddable":true,"href":"https:\/\/casinooyunlarisiteleri.com\/en\/wp-json\/wp\/v2\/comments?post=1366"}],"version-history":[{"count":20,"href":"https:\/\/casinooyunlarisiteleri.com\/en\/wp-json\/wp\/v2\/pages\/1366\/revisions"}],"predecessor-version":[{"id":2298,"href":"https:\/\/casinooyunlarisiteleri.com\/en\/wp-json\/wp\/v2\/pages\/1366\/revisions\/2298"}],"wp:attachment":[{"href":"https:\/\/casinooyunlarisiteleri.com\/en\/wp-json\/wp\/v2\/media?parent=1366"}],"curies":[{"name":"wp","href":"https:\/\/api.w.org\/{rel}","templated":true}]}}